{"id":529,"date":"2025-09-30T11:47:58","date_gmt":"2025-09-30T11:47:58","guid":{"rendered":"http:\/\/jh-new.test\/?page_id=529"},"modified":"2026-04-20T07:11:24","modified_gmt":"2026-04-20T07:11:24","slug":"home","status":"publish","type":"page","link":"https:\/\/jhmachining.com\/sv\/","title":{"rendered":"Home"},"content":{"rendered":"","protected":false},"excerpt":{"rendered":"","protected":false},"author":1,"featured_media":0,"parent":0,"menu_order":0,"comment_status":"closed","ping_status":"closed","template":"","meta":{"_acf_changed":false,"footnotes":""},"class_list":["post-529","page","type-page","status-publish","hentry"],"acf":[],"yoast_head":"<!-- This site is optimized with the Yoast SEO plugin v26.3 - https:\/\/yoast.com\/wordpress\/plugins\/seo\/ -->\n<title>Home | JH Machining<\/title>\n<meta name=\"description\" content=\"H\u00f6gkvalitativa br\u00e4nnst\u00e4mplar och sigillst\u00e4mplar med egen logotyp. Ge dina skapelser den finish de f\u00f6rtj\u00e4nar. 100% n\u00f6jdhetsgaranti.\" \/>\n<meta name=\"robots\" content=\"index, follow, max-snippet:-1, max-image-preview:large, max-video-preview:-1\" \/>\n<link rel=\"canonical\" href=\"https:\/\/jhmachining.com\/sv\/\" \/>\n<meta property=\"og:locale\" content=\"sv_SE\" \/>\n<meta property=\"og:type\" content=\"article\" \/>\n<meta property=\"og:title\" content=\"Home | JH Machining\" \/>\n<meta property=\"og:description\" content=\"H\u00f6gkvalitativa br\u00e4nnst\u00e4mplar och sigillst\u00e4mplar med egen logotyp. Ge dina skapelser den finish de f\u00f6rtj\u00e4nar. 100% n\u00f6jdhetsgaranti.\" \/>\n<meta property=\"og:url\" content=\"https:\/\/jhmachining.com\/sv\/\" \/>\n<meta property=\"og:site_name\" content=\"JH Machining\" \/>\n<meta property=\"article:modified_time\" content=\"2026-04-20T07:11:24+00:00\" \/>\n<meta name=\"twitter:card\" content=\"summary_large_image\" \/>\n<script type=\"application\/ld+json\" class=\"yoast-schema-graph\">{\"@context\":\"https:\/\/schema.org\",\"@graph\":[{\"@type\":\"WebPage\",\"@id\":\"https:\/\/jhmachining.com\/sv\/\",\"url\":\"https:\/\/jhmachining.com\/sv\/\",\"name\":\"Home | JH Machining\",\"isPartOf\":{\"@id\":\"https:\/\/jhmachining.com\/sv\/#website\"},\"datePublished\":\"2025-09-30T11:47:58+00:00\",\"dateModified\":\"2026-04-20T07:11:24+00:00\",\"description\":\"H\u00f6gkvalitativa br\u00e4nnst\u00e4mplar och sigillst\u00e4mplar med egen logotyp. Ge dina skapelser den finish de f\u00f6rtj\u00e4nar. 100% n\u00f6jdhetsgaranti.\",\"breadcrumb\":{\"@id\":\"https:\/\/jhmachining.com\/sv\/#breadcrumb\"},\"inLanguage\":\"sv-SE\",\"potentialAction\":[{\"@type\":\"ReadAction\",\"target\":[\"https:\/\/jhmachining.com\/sv\/\"]}]},{\"@type\":\"BreadcrumbList\",\"@id\":\"https:\/\/jhmachining.com\/sv\/#breadcrumb\",\"itemListElement\":[{\"@type\":\"ListItem\",\"position\":1,\"name\":\"Home\",\"item\":\"https:\/\/jhmachining.com\/sv\/\"},{\"@type\":\"ListItem\",\"position\":2,\"name\":\"Home\"}]},{\"@type\":\"WebSite\",\"@id\":\"https:\/\/jhmachining.com\/sv\/#website\",\"url\":\"https:\/\/jhmachining.com\/sv\/\",\"name\":\"JH Machining\",\"description\":\"\",\"potentialAction\":[{\"@type\":\"SearchAction\",\"target\":{\"@type\":\"EntryPoint\",\"urlTemplate\":\"https:\/\/jhmachining.com\/sv\/?s={search_term_string}\"},\"query-input\":{\"@type\":\"PropertyValueSpecification\",\"valueRequired\":true,\"valueName\":\"search_term_string\"}}],\"inLanguage\":\"sv-SE\"}]}<\/script>\n<!-- \/ Yoast SEO plugin. -->","yoast_head_json":{"title":"Home | JH Machining","description":"H\u00f6gkvalitativa br\u00e4nnst\u00e4mplar och sigillst\u00e4mplar med egen logotyp. Ge dina skapelser den finish de f\u00f6rtj\u00e4nar. 100% n\u00f6jdhetsgaranti.","robots":{"index":"index","follow":"follow","max-snippet":"max-snippet:-1","max-image-preview":"max-image-preview:large","max-video-preview":"max-video-preview:-1"},"canonical":"https:\/\/jhmachining.com\/sv\/","og_locale":"sv_SE","og_type":"article","og_title":"Home | JH Machining","og_description":"H\u00f6gkvalitativa br\u00e4nnst\u00e4mplar och sigillst\u00e4mplar med egen logotyp. Ge dina skapelser den finish de f\u00f6rtj\u00e4nar. 100% n\u00f6jdhetsgaranti.","og_url":"https:\/\/jhmachining.com\/sv\/","og_site_name":"JH Machining","article_modified_time":"2026-04-20T07:11:24+00:00","twitter_card":"summary_large_image","schema":{"@context":"https:\/\/schema.org","@graph":[{"@type":"WebPage","@id":"https:\/\/jhmachining.com\/sv\/","url":"https:\/\/jhmachining.com\/sv\/","name":"Home | JH Machining","isPartOf":{"@id":"https:\/\/jhmachining.com\/sv\/#website"},"datePublished":"2025-09-30T11:47:58+00:00","dateModified":"2026-04-20T07:11:24+00:00","description":"H\u00f6gkvalitativa br\u00e4nnst\u00e4mplar och sigillst\u00e4mplar med egen logotyp. Ge dina skapelser den finish de f\u00f6rtj\u00e4nar. 100% n\u00f6jdhetsgaranti.","breadcrumb":{"@id":"https:\/\/jhmachining.com\/sv\/#breadcrumb"},"inLanguage":"sv-SE","potentialAction":[{"@type":"ReadAction","target":["https:\/\/jhmachining.com\/sv\/"]}]},{"@type":"BreadcrumbList","@id":"https:\/\/jhmachining.com\/sv\/#breadcrumb","itemListElement":[{"@type":"ListItem","position":1,"name":"Home","item":"https:\/\/jhmachining.com\/sv\/"},{"@type":"ListItem","position":2,"name":"Home"}]},{"@type":"WebSite","@id":"https:\/\/jhmachining.com\/sv\/#website","url":"https:\/\/jhmachining.com\/sv\/","name":"JH Machining","description":"","potentialAction":[{"@type":"SearchAction","target":{"@type":"EntryPoint","urlTemplate":"https:\/\/jhmachining.com\/sv\/?s={search_term_string}"},"query-input":{"@type":"PropertyValueSpecification","valueRequired":true,"valueName":"search_term_string"}}],"inLanguage":"sv-SE"}]}},"_links":{"self":[{"href":"https:\/\/jhmachining.com\/sv\/wp-json\/wp\/v2\/pages\/529","targetHints":{"allow":["GET"]}}],"collection":[{"href":"https:\/\/jhmachining.com\/sv\/wp-json\/wp\/v2\/pages"}],"about":[{"href":"https:\/\/jhmachining.com\/sv\/wp-json\/wp\/v2\/types\/page"}],"author":[{"embeddable":true,"href":"https:\/\/jhmachining.com\/sv\/wp-json\/wp\/v2\/users\/1"}],"replies":[{"embeddable":true,"href":"https:\/\/jhmachining.com\/sv\/wp-json\/wp\/v2\/comments?post=529"}],"version-history":[{"count":4,"href":"https:\/\/jhmachining.com\/sv\/wp-json\/wp\/v2\/pages\/529\/revisions"}],"predecessor-version":[{"id":2545,"href":"https:\/\/jhmachining.com\/sv\/wp-json\/wp\/v2\/pages\/529\/revisions\/2545"}],"wp:attachment":[{"href":"https:\/\/jhmachining.com\/sv\/wp-json\/wp\/v2\/media?parent=529"}],"curies":[{"name":"wp","href":"https:\/\/api.w.org\/{rel}","templated":true}]}}