{"id":1699,"date":"2025-11-14T14:52:30","date_gmt":"2025-11-14T14:52:30","guid":{"rendered":"https:\/\/jhmachining.beyondtest.nl\/?page_id=1699"},"modified":"2026-04-03T08:12:11","modified_gmt":"2026-04-03T08:12:11","slug":"om-jh-machining","status":"publish","type":"page","link":"https:\/\/jhmachining.com\/sv\/om-jh-machining\/","title":{"rendered":"Om JH Machining"},"content":{"rendered":"","protected":false},"excerpt":{"rendered":"","protected":false},"author":3,"featured_media":0,"parent":0,"menu_order":0,"comment_status":"closed","ping_status":"closed","template":"","meta":{"_acf_changed":false,"footnotes":""},"class_list":["post-1699","page","type-page","status-publish","hentry"],"acf":[],"yoast_head":"<!-- This site is optimized with the Yoast SEO plugin v26.3 - https:\/\/yoast.com\/wordpress\/plugins\/seo\/ -->\n<title>Om JH Machining | JH Machining<\/title>\n<meta name=\"description\" content=\"Uppt\u00e4ck hur Hidde Zaaijer startade JH Machining 2017, fr\u00e5n CNC-hobby till professionellt f\u00f6retag inom br\u00e4nnst\u00e4mplar. L\u00e4s hela historien.\" \/>\n<meta name=\"robots\" content=\"index, follow, max-snippet:-1, max-image-preview:large, max-video-preview:-1\" \/>\n<link rel=\"canonical\" href=\"https:\/\/jhmachining.com\/sv\/om-jh-machining\/\" \/>\n<meta property=\"og:locale\" content=\"sv_SE\" \/>\n<meta property=\"og:type\" content=\"article\" \/>\n<meta property=\"og:title\" content=\"Om JH Machining | JH Machining\" \/>\n<meta property=\"og:description\" content=\"Uppt\u00e4ck hur Hidde Zaaijer startade JH Machining 2017, fr\u00e5n CNC-hobby till professionellt f\u00f6retag inom br\u00e4nnst\u00e4mplar. L\u00e4s hela historien.\" \/>\n<meta property=\"og:url\" content=\"https:\/\/jhmachining.com\/sv\/om-jh-machining\/\" \/>\n<meta property=\"og:site_name\" content=\"JH Machining\" \/>\n<meta property=\"article:modified_time\" content=\"2026-04-03T08:12:11+00:00\" \/>\n<meta name=\"twitter:card\" content=\"summary_large_image\" \/>\n<script type=\"application\/ld+json\" class=\"yoast-schema-graph\">{\"@context\":\"https:\/\/schema.org\",\"@graph\":[{\"@type\":\"WebPage\",\"@id\":\"https:\/\/jhmachining.com\/sv\/om-jh-machining\/\",\"url\":\"https:\/\/jhmachining.com\/sv\/om-jh-machining\/\",\"name\":\"Om JH Machining | JH Machining\",\"isPartOf\":{\"@id\":\"https:\/\/jhmachining.com\/sv\/#website\"},\"datePublished\":\"2025-11-14T14:52:30+00:00\",\"dateModified\":\"2026-04-03T08:12:11+00:00\",\"description\":\"Uppt\u00e4ck hur Hidde Zaaijer startade JH Machining 2017, fr\u00e5n CNC-hobby till professionellt f\u00f6retag inom br\u00e4nnst\u00e4mplar. L\u00e4s hela historien.\",\"breadcrumb\":{\"@id\":\"https:\/\/jhmachining.com\/sv\/om-jh-machining\/#breadcrumb\"},\"inLanguage\":\"sv-SE\",\"potentialAction\":[{\"@type\":\"ReadAction\",\"target\":[\"https:\/\/jhmachining.com\/sv\/om-jh-machining\/\"]}]},{\"@type\":\"BreadcrumbList\",\"@id\":\"https:\/\/jhmachining.com\/sv\/om-jh-machining\/#breadcrumb\",\"itemListElement\":[{\"@type\":\"ListItem\",\"position\":1,\"name\":\"Home\",\"item\":\"https:\/\/jhmachining.com\/sv\/\"},{\"@type\":\"ListItem\",\"position\":2,\"name\":\"Om JH Machining\"}]},{\"@type\":\"WebSite\",\"@id\":\"https:\/\/jhmachining.com\/sv\/#website\",\"url\":\"https:\/\/jhmachining.com\/sv\/\",\"name\":\"JH Machining\",\"description\":\"\",\"potentialAction\":[{\"@type\":\"SearchAction\",\"target\":{\"@type\":\"EntryPoint\",\"urlTemplate\":\"https:\/\/jhmachining.com\/sv\/?s={search_term_string}\"},\"query-input\":{\"@type\":\"PropertyValueSpecification\",\"valueRequired\":true,\"valueName\":\"search_term_string\"}}],\"inLanguage\":\"sv-SE\"}]}<\/script>\n<!-- \/ Yoast SEO plugin. -->","yoast_head_json":{"title":"Om JH Machining | JH Machining","description":"Uppt\u00e4ck hur Hidde Zaaijer startade JH Machining 2017, fr\u00e5n CNC-hobby till professionellt f\u00f6retag inom br\u00e4nnst\u00e4mplar. L\u00e4s hela historien.","robots":{"index":"index","follow":"follow","max-snippet":"max-snippet:-1","max-image-preview":"max-image-preview:large","max-video-preview":"max-video-preview:-1"},"canonical":"https:\/\/jhmachining.com\/sv\/om-jh-machining\/","og_locale":"sv_SE","og_type":"article","og_title":"Om JH Machining | JH Machining","og_description":"Uppt\u00e4ck hur Hidde Zaaijer startade JH Machining 2017, fr\u00e5n CNC-hobby till professionellt f\u00f6retag inom br\u00e4nnst\u00e4mplar. L\u00e4s hela historien.","og_url":"https:\/\/jhmachining.com\/sv\/om-jh-machining\/","og_site_name":"JH Machining","article_modified_time":"2026-04-03T08:12:11+00:00","twitter_card":"summary_large_image","schema":{"@context":"https:\/\/schema.org","@graph":[{"@type":"WebPage","@id":"https:\/\/jhmachining.com\/sv\/om-jh-machining\/","url":"https:\/\/jhmachining.com\/sv\/om-jh-machining\/","name":"Om JH Machining | JH Machining","isPartOf":{"@id":"https:\/\/jhmachining.com\/sv\/#website"},"datePublished":"2025-11-14T14:52:30+00:00","dateModified":"2026-04-03T08:12:11+00:00","description":"Uppt\u00e4ck hur Hidde Zaaijer startade JH Machining 2017, fr\u00e5n CNC-hobby till professionellt f\u00f6retag inom br\u00e4nnst\u00e4mplar. L\u00e4s hela historien.","breadcrumb":{"@id":"https:\/\/jhmachining.com\/sv\/om-jh-machining\/#breadcrumb"},"inLanguage":"sv-SE","potentialAction":[{"@type":"ReadAction","target":["https:\/\/jhmachining.com\/sv\/om-jh-machining\/"]}]},{"@type":"BreadcrumbList","@id":"https:\/\/jhmachining.com\/sv\/om-jh-machining\/#breadcrumb","itemListElement":[{"@type":"ListItem","position":1,"name":"Home","item":"https:\/\/jhmachining.com\/sv\/"},{"@type":"ListItem","position":2,"name":"Om JH Machining"}]},{"@type":"WebSite","@id":"https:\/\/jhmachining.com\/sv\/#website","url":"https:\/\/jhmachining.com\/sv\/","name":"JH Machining","description":"","potentialAction":[{"@type":"SearchAction","target":{"@type":"EntryPoint","urlTemplate":"https:\/\/jhmachining.com\/sv\/?s={search_term_string}"},"query-input":{"@type":"PropertyValueSpecification","valueRequired":true,"valueName":"search_term_string"}}],"inLanguage":"sv-SE"}]}},"_links":{"self":[{"href":"https:\/\/jhmachining.com\/sv\/wp-json\/wp\/v2\/pages\/1699","targetHints":{"allow":["GET"]}}],"collection":[{"href":"https:\/\/jhmachining.com\/sv\/wp-json\/wp\/v2\/pages"}],"about":[{"href":"https:\/\/jhmachining.com\/sv\/wp-json\/wp\/v2\/types\/page"}],"author":[{"embeddable":true,"href":"https:\/\/jhmachining.com\/sv\/wp-json\/wp\/v2\/users\/3"}],"replies":[{"embeddable":true,"href":"https:\/\/jhmachining.com\/sv\/wp-json\/wp\/v2\/comments?post=1699"}],"version-history":[{"count":3,"href":"https:\/\/jhmachining.com\/sv\/wp-json\/wp\/v2\/pages\/1699\/revisions"}],"predecessor-version":[{"id":2201,"href":"https:\/\/jhmachining.com\/sv\/wp-json\/wp\/v2\/pages\/1699\/revisions\/2201"}],"wp:attachment":[{"href":"https:\/\/jhmachining.com\/sv\/wp-json\/wp\/v2\/media?parent=1699"}],"curies":[{"name":"wp","href":"https:\/\/api.w.org\/{rel}","templated":true}]}}